{"id":53,"date":"2013-08-16T19:52:32","date_gmt":"2013-08-16T17:52:32","guid":{"rendered":"http:\/\/www.xn--getrnkehaus-mord-ynb.de\/?page_id=53"},"modified":"2020-02-29T17:50:19","modified_gmt":"2020-02-29T16:50:19","slug":"impressum","status":"publish","type":"page","link":"http:\/\/www.xn--getrnkehaus-mord-ynb.de\/?page_id=53","title":{"rendered":"Impressum"},"content":{"rendered":"<p>Anga\u00adben gem\u00e4\u00df \u00a7&nbsp;5&nbsp;TMG:<\/p>\n<p>Getr\u00e4n\u00adke\u00adhaus Lud\u00adwig Mord<br \/>\nInh. Michael Bosse<br \/>\nM\u00fch\u00adlen\u00adstr. 17<br \/>\n15517 F\u00fcrs\u00adten\u00adwalde<\/p>\n<p><strong>Ver\u00adtre\u00adten durch:<\/strong><br \/>\nMichael Bosse,&nbsp;Gesch\u00e4ftsf\u00fchrer<\/p>\n<p><strong>Kon\u00adtakt:<\/strong><br \/>\nTele\u00adfon: 03361&nbsp;23 46<br \/>\nE-Mail:&nbsp;info@getraenkehaus-mord.de<\/p>\n<p><strong>Ver\u00adant\u00adwort\u00adlich f\u00fcr den Inhalt nach \u00a7 55 Abs. 2&nbsp;RStV:<\/strong><br \/>\nSigrid&nbsp;Bosse<\/p>\n<p><strong>Quel\u00adlen\u00adan\u00adga\u00adben f\u00fcr die ver\u00adwen\u00adde\u00adten Bil\u00adder und Gra\u00adfi\u00adken:<\/strong><br \/>\nGetr\u00e4nkehaus Mord<br \/>\nSte\u00adphan West\u00adphal<\/p>\n<p><strong>Erstel\u00adlung der Seite:<\/strong><br \/>\nSte\u00adphan West\u00adphal, <a href=\"http:\/\/www.stephan-westphal.com\" target=\"_blank\" rel=\"noopener noreferrer\">in2core.de<\/a>, 15518 Rauen, news[at]stephan-westphal.com<\/p>\n<p>Quelle: Impres\u00ads\u00adum\u00adge\u00adne\u00adra\u00adtor,&nbsp;<a href=\"http:\/\/www.e-recht24.de\/impressum-generator.html\" target=\"_blank\" rel=\"noopener noreferrer\">Rechts\u00adan\u00adwalt f\u00fcr Inter\u00adnet\u00adrecht S\u00f6ren Siebert<\/a><\/p>\n<h2>Haf\u00adtungs\u00adaus\u00adschluss:<\/h2>\n<p style=\"text-align: justify;\"><strong>Haf\u00adtung f\u00fcr Inhalte<br \/>\n<\/strong>Die Inhalte unse\u00adrer Sei\u00adten wur\u00adden mit gr\u00f6\u00df\u00adter Sorg\u00adfalt erstellt. F\u00fcr die Rich\u00adtig\u00adkeit, Voll\u00adst\u00e4n\u00addig\u00adkeit und Aktua\u00adli\u00adt\u00e4t der Inhalte k\u00f6n\u00adnen wir jedoch keine Gew\u00e4hr \u00fcber\u00adneh\u00admen. Als Diens\u00adte\u00adan\u00adbie\u00adter sind wir gem\u00e4\u00df \u00a7 7&nbsp;Abs.1&nbsp;TMG&nbsp;f\u00fcr eigene Inhalte auf die\u00adsen Sei\u00adten nach den all\u00adge\u00admei\u00adnen Geset\u00adzen ver\u00adant\u00adwort\u00adlich. Nach \u00a7\u00a7 8&nbsp;bis 10&nbsp;TMG&nbsp;sind wir als Diens\u00adte\u00adan\u00adbie\u00adter jedoch nicht ver\u00adpflich\u00adtet, \u00fcber\u00admit\u00adtelte oder gespei\u00adcherte fremde Infor\u00adma\u00adtio\u00adnen zu \u00fcber\u00adwa\u00adchen oder nach Umst\u00e4n\u00adden zu for\u00adschen, die auf eine rechts\u00adwid\u00adrige T\u00e4tig\u00adkeit hin\u00adwei\u00adsen. Ver\u00adpflich\u00adtun\u00adgen zur Ent\u00adfer\u00adnung oder Sper\u00adrung der Nut\u00adzung von Infor\u00adma\u00adtio\u00adnen nach den all\u00adge\u00admei\u00adnen Geset\u00adzen blei\u00adben hier\u00advon unbe\u00adr\u00fchrt. Eine dies\u00adbe\u00adz\u00fcg\u00adli\u00adche Haf\u00adtung ist jedoch erst ab dem Zeit\u00adpunkt der Kennt\u00adnis einer kon\u00adkre\u00adten Rechts\u00adver\u00adlet\u00adzung m\u00f6g\u00adlich. Bei Bekannt\u00adwer\u00adden von ent\u00adspre\u00adchen\u00adden Rechts\u00adver\u00adlet\u00adzun\u00adgen wer\u00adden wir diese Inhalte umge\u00adhend entfernen.<\/p>\n<p style=\"text-align: justify;\"><strong>Haf\u00adtung f\u00fcr Links<br \/>\n<\/strong>Unser Ange\u00adbot ent\u00adh\u00e4lt Links zu exter\u00adnen Web\u00adsei\u00adten Drit\u00adter, auf deren Inhalte wir kei\u00adnen Ein\u00adfluss haben. Des\u00adhalb k\u00f6n\u00adnen wir f\u00fcr diese frem\u00adden Inhalte auch keine Gew\u00e4hr \u00fcber\u00adneh\u00admen. F\u00fcr die Inhalte der ver\u00adlink\u00adten Sei\u00adten ist stets der jewei\u00adlige Anbie\u00adter oder Betrei\u00adber der Sei\u00adten ver\u00adant\u00adwort\u00adlich. Die ver\u00adlink\u00adten Sei\u00adten wur\u00adden zum Zeit\u00adpunkt der Ver\u00adlin\u00adkung auf m\u00f6g\u00adli\u00adche Rechts\u00adver\u00adst\u00f6\u00dfe \u00fcber\u00adpr\u00fcft. Rechts\u00adwid\u00adrige Inhalte waren zum Zeit\u00adpunkt der Ver\u00adlin\u00adkung nicht erkenn\u00adbar. Eine per\u00adma\u00adnente inhalt\u00adli\u00adche Kon\u00adtrolle der ver\u00adlink\u00adten Sei\u00adten ist jedoch ohne kon\u00adkrete Anhalts\u00adpunkte einer Rechts\u00adver\u00adlet\u00adzung nicht zumut\u00adbar. Bei Bekannt\u00adwer\u00adden von Rechts\u00adver\u00adlet\u00adzun\u00adgen wer\u00adden wir der\u00adar\u00adtige Links umge\u00adhend entfernen.<\/p>\n<p style=\"text-align: justify;\"><strong>Urhe\u00adber\u00adrecht<br \/>\n<\/strong>Die durch die Sei\u00adten\u00adbe\u00adtrei\u00adber erstell\u00adten Inhalte und Werke auf die\u00adsen Sei\u00adten unter\u00adlie\u00adgen dem deut\u00adschen Urhe\u00adber\u00adrecht. Die Ver\u00adviel\u00adf\u00e4l\u00adti\u00adgung, Bear\u00adbei\u00adtung, Ver\u00adbrei\u00adtung und jede Art der Ver\u00adwer\u00adtung au\u00dfer\u00adhalb der Gren\u00adzen des Urhe\u00adber\u00adrech\u00adtes bed\u00fcr\u00adfen der schrift\u00adli\u00adchen Zustim\u00admung des jewei\u00adli\u00adgen Autors bzw. Erstel\u00adlers. Down\u00adloads und Kopien die\u00adser Seite sind nur f\u00fcr den pri\u00adva\u00adten, nicht kom\u00admer\u00adzi\u00adel\u00adlen Gebrauch gestat\u00adtet. Soweit die Inhalte auf die\u00adser Seite nicht vom Betrei\u00adber erstellt wur\u00adden, wer\u00adden die Urhe\u00adber\u00adrechte Drit\u00adter beach\u00adtet. Ins\u00adbe\u00adson\u00addere wer\u00adden Inhalte Drit\u00adter als sol\u00adche gekenn\u00adzeich\u00adnet. Soll\u00adten Sie trotz\u00addem auf eine Urhe\u00adber\u00adrechts\u00adver\u00adlet\u00adzung auf\u00admerk\u00adsam wer\u00adden, bit\u00adten wir um einen ent\u00adspre\u00adchen\u00adden Hin\u00adweis. Bei Bekannt\u00adwer\u00adden von Rechts\u00adver\u00adlet\u00adzun\u00adgen wer\u00adden wir der\u00adar\u00adtige Inhalte umge\u00adhend entfernen.<\/p>\n<p style=\"text-align: justify;\"><strong>Daten\u00adschutz<br \/>\n<\/strong>Die Nut\u00adzung unse\u00adrer Web\u00adseite ist in der Regel ohne Angabe per\u00adso\u00adnen\u00adbe\u00adzo\u00adge\u00adner Daten m\u00f6g\u00adlich. Soweit auf unse\u00adren Sei\u00adten per\u00adso\u00adnen\u00adbe\u00adzo\u00adgene Daten (bei\u00adspiels\u00adweise Name, Anschrift oder eMail-Adressen) erho\u00adben wer\u00adden, erfolgt dies, soweit m\u00f6g\u00adlich, stets auf frei\u00adwil\u00adli\u00adger Basis. Diese Daten wer\u00adden ohne Ihre aus\u00addr\u00fcck\u00adli\u00adche Zustim\u00admung nicht an Dritte wei\u00adter\u00adge\u00adge\u00adben.<br \/>\nWir wei\u00adsen dar\u00adauf hin, dass die Daten\u00ad\u00fcber\u00adtra\u00adgung im Inter\u00adnet (z.B. bei der Kom\u00admu\u00adni\u00adka\u00adtion per E-Mail) Sicher\u00adheits\u00adl\u00fc\u00adcken auf\u00adwei\u00adsen kann. Ein l\u00fccken\u00adlo\u00adser Schutz der Daten vor dem Zugriff durch Dritte ist nicht m\u00f6g\u00adlich.<br \/>\nDer Nut\u00adzung von im Rah\u00admen der Impress\u00adums\u00adpflicht ver\u00ad\u00f6f\u00adfent\u00adlich\u00adten Kon\u00adtakt\u00adda\u00adten durch Dritte zur \u00dcber\u00adsen\u00addung von nicht aus\u00addr\u00fcck\u00adlich ange\u00adfor\u00adder\u00adter Wer\u00adbung und Infor\u00adma\u00adti\u00adons\u00adma\u00adte\u00adria\u00adlien wird hier\u00admit aus\u00addr\u00fcck\u00adlich wider\u00adspro\u00adchen. Die Betrei\u00adber der Sei\u00adten behal\u00adten sich aus\u00addr\u00fcck\u00adlich recht\u00adli\u00adche Schritte im Falle der unver\u00adlang\u00adten Zusen\u00addung von Wer\u00adbein\u00adfor\u00adma\u00adtio\u00adnen, etwa durch Spam-Mails, vor.<\/p>\n<p style=\"text-align: justify;\"><strong>Daten\u00adschutz\u00ader\u00adkl\u00e4\u00adrung f\u00fcr die Nut\u00adzung von Facebook-Plugins (Like-Button)<br \/>\n<\/strong>Auf unse\u00adren Sei\u00adten sind Plugins des sozia\u00adlen Netz\u00adwerks Face\u00adbook, 1601 South Cali\u00adfor\u00adnia Ave\u00adnue, Palo Alto,&nbsp;CA&nbsp;94304,&nbsp;USA&nbsp;inte\u00adgriert. Die Facebook-Plugins erken\u00adnen Sie an dem Facebook-Logo oder dem \u201eLike-Button\u201d (\u201eGef\u00e4llt mir\u201d) auf unse\u00adrer Seite. Eine \u00dcber\u00adsicht \u00fcber die Facebook-Plugins fin\u00adden Sie hier:&nbsp;<a href=\"http:\/\/developers.facebook.com\/docs\/plugins\/\" target=\"_blank\" rel=\"noopener noreferrer\">http:\/\/developers.facebook.com\/docs\/plugins\/<\/a>.<br \/>\nWenn Sie unsere Sei\u00adten besu\u00adchen, wird \u00fcber das Plu\u00adgin eine direkte Ver\u00adbin\u00addung zwi\u00adschen Ihrem Brow\u00adser und dem Facebook-Server her\u00adge\u00adstellt. Face\u00adbook erh\u00e4lt dadurch die Infor\u00adma\u00adtion, dass Sie mit Ihrer IP-Adresse unsere Seite besucht haben. Wenn Sie den Face\u00adbook \u201eLike-Button\u201d ankli\u00adcken w\u00e4h\u00adrend Sie in Ihrem Facebook-Account ein\u00adge\u00adloggt sind, k\u00f6n\u00adnen Sie die Inhalte unse\u00adrer Sei\u00adten auf Ihrem Facebook-Profil ver\u00adlin\u00adken. Dadurch kann Face\u00adbook den Besuch unse\u00adrer Sei\u00adten Ihrem Benut\u00adzer\u00adkonto zuord\u00adnen. Wir wei\u00adsen dar\u00adauf hin, dass wir als Anbie\u00adter der Sei\u00adten keine Kennt\u00adnis vom Inhalt der \u00fcber\u00admit\u00adtel\u00adten Daten sowie deren Nut\u00adzung durch Face\u00adbook erhal\u00adten. Wei\u00adtere Infor\u00adma\u00adtio\u00adnen hierzu fin\u00adden Sie in der Daten\u00adschutz\u00ader\u00adkl\u00e4\u00adrung von face\u00adbook unter&nbsp;<a href=\"http:\/\/de-de.facebook.com\/policy.php\" target=\"_blank\" rel=\"noopener noreferrer\">http:\/\/de-de.facebook.com \/policy.php<br \/>\n<\/a>Wenn Sie nicht w\u00fcn\u00adschen, dass Face\u00adbook den Besuch unse\u00adrer Sei\u00adten Ihrem Facebook-Nutzerkonto zuord\u00adnen kann, log\u00adgen Sie sich bitte aus Ihrem Facebook-Benutzerkonto aus.<\/p>\n<p style=\"text-align: justify;\"><strong>Daten\u00adschutz\u00ader\u00adkl\u00e4\u00adrung f\u00fcr die Nut\u00adzung von Twit\u00adter<br \/>\n<\/strong>Auf unse\u00adren Sei\u00adten sind Funk\u00adtio\u00adnen des Diens\u00adtes Twit\u00adter ein\u00adge\u00adbun\u00adden. Diese Funk\u00adtio\u00adnen wer\u00adden ange\u00adbo\u00adten durch die Twit\u00adter Inc., 795 Fol\u00adsom St., Suite 600, San Fran\u00adcisco,&nbsp;CA94107,&nbsp;USA. Durch das Benut\u00adzen von Twit\u00adter und der Funk\u00adtion \u201eRe-Tweet\u201d wer\u00adden die von Ihnen besuch\u00adten Web\u00adsei\u00adten mit Ihrem Twitter-Account ver\u00adkn\u00fcpft und ande\u00adren Nut\u00adzern bekannt gege\u00adben. Dabei wer\u00adden auch Daten an Twit\u00adter \u00fcber\u00adtra\u00adgen.<br \/>\nWir wei\u00adsen dar\u00adauf hin, dass wir als Anbie\u00adter der Sei\u00adten keine Kennt\u00adnis vom Inhalt der \u00fcber\u00admit\u00adtel\u00adten Daten sowie deren Nut\u00adzung durch Twit\u00adter erhal\u00adten. Wei\u00adtere Infor\u00adma\u00adtio\u00adnen hierzu fin\u00adden Sie in der Daten\u00adschutz\u00ader\u00adkl\u00e4\u00adrung von Twit\u00adter unter&nbsp;<a href=\"http:\/\/twitter.com\/privacy\" target=\"_blank\" rel=\"noopener noreferrer\">http:\/\/twitter.com\/privacy<\/a>.<br \/>\nIhre Daten\u00adschutz\u00adein\u00adstel\u00adlun\u00adgen bei Twit\u00adter k\u00f6n\u00adnen Sie in den Konto-Einstellungen unter<a href=\"http:\/\/twitter.com\/account\/settings\" target=\"_blank\" rel=\"noopener noreferrer\">http:\/\/twitter.com\/account\/settings<\/a>&nbsp;\u00e4ndern.<\/p>\n<p><em>Quel\u00adlen:&nbsp;<a href=\"http:\/\/www.e-recht24.de\/muster-disclaimer.htm\" target=\"_blank\" rel=\"noopener noreferrer\">Dis\u00adclai\u00admer<\/a>&nbsp;von eRecht24, dem Por\u00adtal zum Inter\u00adnet\u00adrecht von Rechts\u00adan\u00adwalt S\u00f6ren Sie\u00adbert,&nbsp;<a href=\"http:\/\/www.e-recht24.de\/artikel\/datenschutz\/6590-facebook-like-button-datenschutz-disclaimer.html\" target=\"_blank\" rel=\"noopener noreferrer\">eRecht24 Daten\u00adschutz\u00ader\u00adkl\u00e4\u00adrung f\u00fcr Face\u00adbook<\/a>,&nbsp;<a href=\"http:\/\/twitter.com\/privacy\" target=\"_blank\" rel=\"noopener noreferrer\">Twit\u00adter Datenschutzerkl\u00e4rung<\/a><\/em><\/p>\n","protected":false},"excerpt":{"rendered":"<p>Anga\u00adben gem\u00e4\u00df \u00a7&nbsp;5&nbsp;TMG: Getr\u00e4n\u00adke\u00adhaus Lud\u00adwig Mord Inh. Michael Bosse M\u00fch\u00adlen\u00adstr. 17 15517 F\u00fcrs\u00adten\u00adwalde Ver\u00adtre\u00adten durch: Michael Bosse,&nbsp;Gesch\u00e4ftsf\u00fchrer Kon\u00adtakt: Tele\u00adfon: 03361&nbsp;23 46 E-Mail:&nbsp;info@getraenkehaus-mord.de Ver\u00adant\u00adwort\u00adlich f\u00fcr den Inhalt nach \u00a7 55 Abs. 2&nbsp;RStV: Sigrid&nbsp;Bosse Quel\u00adlen\u00adan\u00adga\u00adben f\u00fcr die ver\u00adwen\u00adde\u00adten Bil\u00adder und Gra\u00adfi\u00adken: Getr\u00e4nkehaus &hellip; <a href=\"http:\/\/www.xn--getrnkehaus-mord-ynb.de\/?page_id=53\">Weiterlesen <span class=\"meta-nav\">&rarr;<\/span><\/a><\/p>\n","protected":false},"author":1,"featured_media":0,"parent":0,"menu_order":0,"comment_status":"closed","ping_status":"closed","template":"sidebar-page.php","meta":{"ngg_post_thumbnail":0,"jetpack_post_was_ever_published":false,"footnotes":""},"class_list":["post-53","page","type-page","status-publish","hentry"],"jetpack_sharing_enabled":true,"jetpack_shortlink":"https:\/\/wp.me\/P3PkNf-R","_links":{"self":[{"href":"http:\/\/www.xn--getrnkehaus-mord-ynb.de\/index.php?rest_route=\/wp\/v2\/pages\/53"}],"collection":[{"href":"http:\/\/www.xn--getrnkehaus-mord-ynb.de\/index.php?rest_route=\/wp\/v2\/pages"}],"about":[{"href":"http:\/\/www.xn--getrnkehaus-mord-ynb.de\/index.php?rest_route=\/wp\/v2\/types\/page"}],"author":[{"embeddable":true,"href":"http:\/\/www.xn--getrnkehaus-mord-ynb.de\/index.php?rest_route=\/wp\/v2\/users\/1"}],"replies":[{"embeddable":true,"href":"http:\/\/www.xn--getrnkehaus-mord-ynb.de\/index.php?rest_route=%2Fwp%2Fv2%2Fcomments&post=53"}],"version-history":[{"count":5,"href":"http:\/\/www.xn--getrnkehaus-mord-ynb.de\/index.php?rest_route=\/wp\/v2\/pages\/53\/revisions"}],"predecessor-version":[{"id":935,"href":"http:\/\/www.xn--getrnkehaus-mord-ynb.de\/index.php?rest_route=\/wp\/v2\/pages\/53\/revisions\/935"}],"wp:attachment":[{"href":"http:\/\/www.xn--getrnkehaus-mord-ynb.de\/index.php?rest_route=%2Fwp%2Fv2%2Fmedia&parent=53"}],"curies":[{"name":"wp","href":"https:\/\/api.w.org\/{rel}","templated":true}]}}