{"id":172,"date":"2013-08-24T15:16:22","date_gmt":"2013-08-24T13:16:22","guid":{"rendered":"http:\/\/www.xn--getrnkehaus-mord-ynb.de\/?page_id=172"},"modified":"2024-04-19T11:06:34","modified_gmt":"2024-04-19T09:06:34","slug":"mords-hof","status":"publish","type":"page","link":"https:\/\/www.xn--getrnkehaus-mord-ynb.de\/?page_id=172","title":{"rendered":"Mords Hof"},"content":{"rendered":"<div style=\"text-align: center;\">Auf unserem historischen Hof finden Sie Museen und Handwerker.<\/div>\n<div style=\"text-align: center;\">&nbsp;<\/div>\n<div style=\"text-align: center;\">Der <a href=\"http:\/\/derpolsterer.com\" target=\"_blank\" rel=\"noopener\">Polsterer<\/a> \u00f6ffnet t\u00e4glich seine T\u00fcren der Werkstatt f\u00fcr Sie. Schauen Sie einfach vorbei oder besuchen Sie seine <a href=\"http:\/\/derpolsterer.com\" target=\"_blank\" rel=\"noopener\">Internetsseite<\/a>.<\/div>\n<div style=\"text-align: justify;\">&nbsp;<\/div>\n<div style=\"text-align: justify;\">&nbsp;<\/div>\n<div><a href=\"http:\/\/www.xn--getrnkehaus-mord-ynb.de\/wp-content\/uploads\/2013\/08\/IMG_1701.jpg\"><img loading=\"lazy\" decoding=\"async\" class=\" wp-image-275 aligncenter\" src=\"http:\/\/www.xn--getrnkehaus-mord-ynb.de\/wp-content\/uploads\/2013\/08\/IMG_1701-400x266.jpg\" alt=\"IMG_1701\" width=\"240\" height=\"160\" srcset=\"https:\/\/www.xn--getrnkehaus-mord-ynb.de\/wp-content\/uploads\/2013\/08\/IMG_1701-400x266.jpg 400w, https:\/\/www.xn--getrnkehaus-mord-ynb.de\/wp-content\/uploads\/2013\/08\/IMG_1701-450x300.jpg 450w, https:\/\/www.xn--getrnkehaus-mord-ynb.de\/wp-content\/uploads\/2013\/08\/IMG_1701.jpg 1000w\" sizes=\"(max-width: 240px) 100vw, 240px\" \/><\/a><\/div>\n<div>&nbsp;<\/div>\n<div style=\"text-align: center;\">Des Weiteren finden Sie die Altes und Ehrenabteilung der Feuerwehr.<\/div>\n<div style=\"text-align: center;\">&nbsp;<\/div>\n<div style=\"text-align: center;\">&nbsp;<\/div>\n<div style=\"text-align: center;\">Vereinbaren Sie einfach einen Termin mit dem Museen oder Handwerker.<\/div>\n<div style=\"text-align: center;\">Besuchen Sie unseren Hof zu verschiedenen Festen, an denen die Museen ihre T\u00fcren \u00f6ffnen.<\/div>\n<p>&nbsp;<\/p>\n","protected":false},"excerpt":{"rendered":"<p>Auf unserem historischen Hof finden Sie Museen und Handwerker. &nbsp; Der Polsterer \u00f6ffnet t\u00e4glich seine T\u00fcren der Werkstatt f\u00fcr Sie. Schauen Sie einfach vorbei oder besuchen Sie seine Internetsseite. &nbsp; &nbsp; &nbsp; Des Weiteren finden Sie die Altes und Ehrenabteilung &hellip; <a href=\"https:\/\/www.xn--getrnkehaus-mord-ynb.de\/?page_id=172\">Weiterlesen <span class=\"meta-nav\">&rarr;<\/span><\/a><\/p>\n","protected":false},"author":1,"featured_media":0,"parent":0,"menu_order":0,"comment_status":"closed","ping_status":"closed","template":"sidebar-page.php","meta":{"ngg_post_thumbnail":0,"jetpack_post_was_ever_published":false,"footnotes":""},"class_list":["post-172","page","type-page","status-publish","hentry"],"jetpack_sharing_enabled":true,"jetpack_shortlink":"https:\/\/wp.me\/P3PkNf-2M","_links":{"self":[{"href":"https:\/\/www.xn--getrnkehaus-mord-ynb.de\/index.php?rest_route=\/wp\/v2\/pages\/172"}],"collection":[{"href":"https:\/\/www.xn--getrnkehaus-mord-ynb.de\/index.php?rest_route=\/wp\/v2\/pages"}],"about":[{"href":"https:\/\/www.xn--getrnkehaus-mord-ynb.de\/index.php?rest_route=\/wp\/v2\/types\/page"}],"author":[{"embeddable":true,"href":"https:\/\/www.xn--getrnkehaus-mord-ynb.de\/index.php?rest_route=\/wp\/v2\/users\/1"}],"replies":[{"embeddable":true,"href":"https:\/\/www.xn--getrnkehaus-mord-ynb.de\/index.php?rest_route=%2Fwp%2Fv2%2Fcomments&post=172"}],"version-history":[{"count":9,"href":"https:\/\/www.xn--getrnkehaus-mord-ynb.de\/index.php?rest_route=\/wp\/v2\/pages\/172\/revisions"}],"predecessor-version":[{"id":4913,"href":"https:\/\/www.xn--getrnkehaus-mord-ynb.de\/index.php?rest_route=\/wp\/v2\/pages\/172\/revisions\/4913"}],"wp:attachment":[{"href":"https:\/\/www.xn--getrnkehaus-mord-ynb.de\/index.php?rest_route=%2Fwp%2Fv2%2Fmedia&parent=172"}],"curies":[{"name":"wp","href":"https:\/\/api.w.org\/{rel}","templated":true}]}}