{"id":260,"date":"2013-09-20T21:06:15","date_gmt":"2013-09-20T19:06:15","guid":{"rendered":"http:\/\/www.xn--getrnkehaus-mord-ynb.de\/?page_id=260"},"modified":"2026-01-06T15:41:35","modified_gmt":"2026-01-06T14:41:35","slug":"veranstaltungen","status":"publish","type":"page","link":"https:\/\/www.xn--getrnkehaus-mord-ynb.de\/?page_id=260","title":{"rendered":"Events 2026"},"content":{"rendered":"<p style=\"text-align: justify;\">An einigen Tagen im Jahr \u00f6ffnen wir unsere Tore f\u00fcr die \u00d6ffentlichkeit.<\/p>\n<p style=\"text-align: justify;\">Im Fr\u00fchjahr finden die &#8222;Lange Nacht der Museen&#8220;,<\/p>\n<p style=\"text-align: justify;\">im Herbst der &#8222;Tag des Denk\u00admals&#8220;<\/p>\n<p style=\"text-align: justify;\">und in der Aventszeit parallel zum F\u00fcrstenwalder Weihnachtsmarkt unsere<\/p>\n<p style=\"text-align: justify;\">\u201eHofweihnacht zum 3. Advent\u201d statt.<\/p>\n<p><a href=\"http:\/\/www.xn--getrnkehaus-mord-ynb.de\/wp-content\/uploads\/2013\/09\/DSCN6260.jpg\"><img loading=\"lazy\" decoding=\"async\" class=\"wp-image-268 aligncenter\" src=\"http:\/\/www.xn--getrnkehaus-mord-ynb.de\/wp-content\/uploads\/2013\/09\/DSCN6260-225x300.jpg\" alt=\"DSCN6260\" width=\"135\" height=\"180\" srcset=\"https:\/\/www.xn--getrnkehaus-mord-ynb.de\/wp-content\/uploads\/2013\/09\/DSCN6260-225x300.jpg 225w, https:\/\/www.xn--getrnkehaus-mord-ynb.de\/wp-content\/uploads\/2013\/09\/DSCN6260-768x1024.jpg 768w, https:\/\/www.xn--getrnkehaus-mord-ynb.de\/wp-content\/uploads\/2013\/09\/DSCN6260.jpg 800w\" sizes=\"(max-width: 135px) 100vw, 135px\" \/><\/a><\/p>\n<p style=\"text-align: justify;\">Die ans\u00e4s\u00adsigen Kunst\u00adhand\u00adwer\u00adker zei\u00adgen dann gerne ihr K\u00f6nnen.<\/p>\n<p style=\"text-align: justify;\">Regel\u00adm\u00e4\u00ad\u00dfig neh\u00admen wir an den Stadt\u00adfes\u00adten und Fest\u00adum\u00adz\u00fc\u00adgen in F\u00fcrs\u00adten\u00adwalde&nbsp;teil.<\/p>\n<p><a href=\"http:\/\/www.xn--getrnkehaus-mord-ynb.de\/wp-content\/uploads\/2013\/09\/DSCN6349.jpg\"><img loading=\"lazy\" decoding=\"async\" class=\"wp-image-269 aligncenter\" src=\"http:\/\/www.xn--getrnkehaus-mord-ynb.de\/wp-content\/uploads\/2013\/09\/DSCN6349-400x300.jpg\" alt=\"DSCN6349\" width=\"240\" height=\"180\" srcset=\"https:\/\/www.xn--getrnkehaus-mord-ynb.de\/wp-content\/uploads\/2013\/09\/DSCN6349-400x300.jpg 400w, https:\/\/www.xn--getrnkehaus-mord-ynb.de\/wp-content\/uploads\/2013\/09\/DSCN6349.jpg 1000w\" sizes=\"(max-width: 240px) 100vw, 240px\" \/><\/a><\/p>\n<p style=\"text-align: justify;\">Ein Besuch lohnt sich auf jeden Fall.<\/p>\n<p style=\"text-align: justify;\">Ihr Mord\u00b4s Team<\/p>\n","protected":false},"excerpt":{"rendered":"<p>An einigen Tagen im Jahr \u00f6ffnen wir unsere Tore f\u00fcr die \u00d6ffentlichkeit. Im Fr\u00fchjahr finden die &#8222;Lange Nacht der Museen&#8220;, im Herbst der &#8222;Tag des Denk\u00admals&#8220; und in der Aventszeit parallel zum F\u00fcrstenwalder Weihnachtsmarkt unsere \u201eHofweihnacht zum 3. Advent\u201d statt. &hellip; <a href=\"https:\/\/www.xn--getrnkehaus-mord-ynb.de\/?page_id=260\">Weiterlesen <span class=\"meta-nav\">&rarr;<\/span><\/a><\/p>\n","protected":false},"author":2,"featured_media":0,"parent":0,"menu_order":0,"comment_status":"open","ping_status":"open","template":"sidebar-page.php","meta":{"ngg_post_thumbnail":0,"jetpack_post_was_ever_published":false,"footnotes":""},"class_list":["post-260","page","type-page","status-publish","hentry"],"jetpack_sharing_enabled":true,"jetpack_shortlink":"https:\/\/wp.me\/P3PkNf-4c","_links":{"self":[{"href":"https:\/\/www.xn--getrnkehaus-mord-ynb.de\/index.php?rest_route=\/wp\/v2\/pages\/260"}],"collection":[{"href":"https:\/\/www.xn--getrnkehaus-mord-ynb.de\/index.php?rest_route=\/wp\/v2\/pages"}],"about":[{"href":"https:\/\/www.xn--getrnkehaus-mord-ynb.de\/index.php?rest_route=\/wp\/v2\/types\/page"}],"author":[{"embeddable":true,"href":"https:\/\/www.xn--getrnkehaus-mord-ynb.de\/index.php?rest_route=\/wp\/v2\/users\/2"}],"replies":[{"embeddable":true,"href":"https:\/\/www.xn--getrnkehaus-mord-ynb.de\/index.php?rest_route=%2Fwp%2Fv2%2Fcomments&post=260"}],"version-history":[{"count":12,"href":"https:\/\/www.xn--getrnkehaus-mord-ynb.de\/index.php?rest_route=\/wp\/v2\/pages\/260\/revisions"}],"predecessor-version":[{"id":5886,"href":"https:\/\/www.xn--getrnkehaus-mord-ynb.de\/index.php?rest_route=\/wp\/v2\/pages\/260\/revisions\/5886"}],"wp:attachment":[{"href":"https:\/\/www.xn--getrnkehaus-mord-ynb.de\/index.php?rest_route=%2Fwp%2Fv2%2Fmedia&parent=260"}],"curies":[{"name":"wp","href":"https:\/\/api.w.org\/{rel}","templated":true}]}}