{"id":32,"date":"2013-08-16T19:12:03","date_gmt":"2013-08-16T17:12:03","guid":{"rendered":"http:\/\/www.xn--getrnkehaus-mord-ynb.de\/?page_id=32"},"modified":"2024-04-19T11:15:45","modified_gmt":"2024-04-19T09:15:45","slug":"ueber-uns","status":"publish","type":"page","link":"https:\/\/www.xn--getrnkehaus-mord-ynb.de\/?page_id=32","title":{"rendered":"\u00dcber uns"},"content":{"rendered":"<p style=\"text-align: justify;\"><a href=\"http:\/\/www.xn--getrnkehaus-mord-ynb.de\/wp-content\/uploads\/2013\/08\/laden_aussen-web.jpg\"><img loading=\"lazy\" decoding=\"async\" class=\"wp-image-207 alignright\" style=\"border: 0px;\" title=\"Fachgesch\u00e4ft Getr\u00e4nkehaus Mord\" src=\"http:\/\/www.xn--getrnkehaus-mord-ynb.de\/wp-content\/uploads\/2013\/08\/laden_aussen-web-400x300.jpg\" alt=\"Fachgesch\u00e4ft Getr\u00e4nkehaus Mord\" width=\"252\" height=\"189\" srcset=\"https:\/\/www.xn--getrnkehaus-mord-ynb.de\/wp-content\/uploads\/2013\/08\/laden_aussen-web-400x300.jpg 400w, https:\/\/www.xn--getrnkehaus-mord-ynb.de\/wp-content\/uploads\/2013\/08\/laden_aussen-web.jpg 1000w\" sizes=\"(max-width: 252px) 100vw, 252px\" \/><\/a>Nach 30-j\u00e4hriger Zwangspause, als Folge der politischen Entwicklung in der DDR, habe ich, die Urenkelin von Ludwig Mord mit meinem Mann am 1.10.1990, der Tradition folgend, einen Neuanfang gewagt.<br \/>\nWir er\u00f6ffneten am alten Standort das Fachgesch\u00e4ft &#8222;Getr\u00e4nkehaus Ludwig Mord&#8220;.<br \/>\nIm Jahr 1993 erfolgte eine Erweiterung eines Lieferservice mit Getr\u00e4nken aller Art f\u00fcr Privat- und Gesch\u00e4ftskunden.<\/p>\n<p style=\"text-align: justify;\"><a href=\"http:\/\/www.xn--getrnkehaus-mord-ynb.de\/wp-content\/uploads\/2013\/08\/mords_team.jpg\"><img loading=\"lazy\" decoding=\"async\" class=\"wp-image-122  alignleft\" style=\"border: 0px;\" title=\"Team des Getr\u00e4nkehauses Mord\" src=\"http:\/\/www.xn--getrnkehaus-mord-ynb.de\/wp-content\/uploads\/2013\/08\/mords_team-400x300.jpg\" alt=\"Team des Getr\u00e4nkehauses Mord\" width=\"270\" height=\"203\" srcset=\"https:\/\/www.xn--getrnkehaus-mord-ynb.de\/wp-content\/uploads\/2013\/08\/mords_team-400x300.jpg 400w, https:\/\/www.xn--getrnkehaus-mord-ynb.de\/wp-content\/uploads\/2013\/08\/mords_team.jpg 1000w\" sizes=\"(max-width: 270px) 100vw, 270px\" \/><\/a>Seit 1996 f\u00fchren wir unser beliebtes Softeis.<br \/>\nEnde der 90er Jahre richtete mein Vater, G\u00fcnther Mord einen <a href=\"....\/?page_id=43\">privaten Museumskeller<\/a> ein, den wir heute der \u00d6ffentlichkeit zug\u00e4nglich machen und weiter f\u00fchren.<\/p>\n<p style=\"text-align: justify;\">2005 gr\u00fcndeten wir mit dem F\u00fcrstenwalder <a href=\"..\/?page_id=43\">Stadtmuseum und anderen musealen Einrichtungen<\/a> die &#8222;<a href=\"http:\/\/www.lange-nacht-fuerstenwalde.de\">Lange Nacht der Museen<\/a>&#8220; in der Region F\u00fcrstenwalde. Diese erfreut sich wachsender Beliebtheit.<\/p>\n<p style=\"text-align: justify;\">Auf unseren historischen Hof organisieren wir Feiern f\u00fcr Familien, Firmen, Vereine, etc. Aber auch f\u00fcr die \u00d6ffentlichkeit, wie z.B. &#8222;Tag des Denkmals&#8220; oder &#8222;Hofweihnacht zum 3. Advent&#8220; (parallel zum F\u00fcrstenwalder Weihnachtsmarkt) ist der Hof mit seinem gem\u00fctlichen Biergarten zug\u00e4nglich.<\/p>\n<p style=\"text-align: justify;\">Regelm\u00e4\u00dfig nehmen wir an den Stadtfesten in F\u00fcrstenwalde teil.<\/p>\n","protected":false},"excerpt":{"rendered":"<p>Nach 30-j\u00e4hriger Zwangspause, als Folge der politischen Entwicklung in der DDR, habe ich, die Urenkelin von Ludwig Mord mit meinem Mann am 1.10.1990, der Tradition folgend, einen Neuanfang gewagt. Wir er\u00f6ffneten am alten Standort das Fachgesch\u00e4ft &#8222;Getr\u00e4nkehaus Ludwig Mord&#8220;. Im &hellip; <a href=\"https:\/\/www.xn--getrnkehaus-mord-ynb.de\/?page_id=32\">Weiterlesen <span class=\"meta-nav\">&rarr;<\/span><\/a><\/p>\n","protected":false},"author":1,"featured_media":0,"parent":0,"menu_order":0,"comment_status":"closed","ping_status":"closed","template":"sidebar-page.php","meta":{"ngg_post_thumbnail":0,"jetpack_post_was_ever_published":false,"footnotes":""},"class_list":["post-32","page","type-page","status-publish","hentry"],"jetpack_sharing_enabled":true,"jetpack_shortlink":"https:\/\/wp.me\/P3PkNf-w","_links":{"self":[{"href":"https:\/\/www.xn--getrnkehaus-mord-ynb.de\/index.php?rest_route=\/wp\/v2\/pages\/32"}],"collection":[{"href":"https:\/\/www.xn--getrnkehaus-mord-ynb.de\/index.php?rest_route=\/wp\/v2\/pages"}],"about":[{"href":"https:\/\/www.xn--getrnkehaus-mord-ynb.de\/index.php?rest_route=\/wp\/v2\/types\/page"}],"author":[{"embeddable":true,"href":"https:\/\/www.xn--getrnkehaus-mord-ynb.de\/index.php?rest_route=\/wp\/v2\/users\/1"}],"replies":[{"embeddable":true,"href":"https:\/\/www.xn--getrnkehaus-mord-ynb.de\/index.php?rest_route=%2Fwp%2Fv2%2Fcomments&post=32"}],"version-history":[{"count":12,"href":"https:\/\/www.xn--getrnkehaus-mord-ynb.de\/index.php?rest_route=\/wp\/v2\/pages\/32\/revisions"}],"predecessor-version":[{"id":4919,"href":"https:\/\/www.xn--getrnkehaus-mord-ynb.de\/index.php?rest_route=\/wp\/v2\/pages\/32\/revisions\/4919"}],"wp:attachment":[{"href":"https:\/\/www.xn--getrnkehaus-mord-ynb.de\/index.php?rest_route=%2Fwp%2Fv2%2Fmedia&parent=32"}],"curies":[{"name":"wp","href":"https:\/\/api.w.org\/{rel}","templated":true}]}}