{"id":36,"date":"2013-08-16T19:14:25","date_gmt":"2013-08-16T17:14:25","guid":{"rendered":"http:\/\/www.xn--getrnkehaus-mord-ynb.de\/?page_id=36"},"modified":"2013-08-24T14:04:09","modified_gmt":"2013-08-24T12:04:09","slug":"mords-eck","status":"publish","type":"page","link":"https:\/\/www.xn--getrnkehaus-mord-ynb.de\/?page_id=36","title":{"rendered":"Mords Eck"},"content":{"rendered":"<p style=\"text-align: justify;\">Das Haus M\u00fchlenstra\u00dfe Ecke Schlo\u00dfstra\u00dfe befindet sich auf historischem Grund.<a href=\"http:\/\/www.xn--getrnkehaus-mord-ynb.de\/wp-content\/uploads\/2013\/08\/historische-Kleidung-zum-Festumzug.jpg\"><img loading=\"lazy\" decoding=\"async\" class=\" wp-image-152 alignright\" style=\"border: 0px;\" title=\"In historischer Kleidung (f\u00fcr den Festumzug)\" alt=\"In historischer Kleidung (f\u00fcr den Festumzug)\" src=\"http:\/\/www.xn--getrnkehaus-mord-ynb.de\/wp-content\/uploads\/2013\/08\/historische-Kleidung-zum-Festumzug-400x300.jpg\" width=\"320\" height=\"240\" srcset=\"https:\/\/www.xn--getrnkehaus-mord-ynb.de\/wp-content\/uploads\/2013\/08\/historische-Kleidung-zum-Festumzug-400x300.jpg 400w, https:\/\/www.xn--getrnkehaus-mord-ynb.de\/wp-content\/uploads\/2013\/08\/historische-Kleidung-zum-Festumzug.jpg 1000w\" sizes=\"(max-width: 320px) 100vw, 320px\" \/><\/a><br \/>\nHier wurde seit dem Mittelalter Bier gebraut und ausgeschenkt. Seit 1777 bis 1936 befand sich hier eine Brauerei. Das Geb\u00e4ude stammt aus der 2. H\u00e4lfte des 18. Jahrhunderts.<\/p>\n<p style=\"text-align: justify;\">Es wechselte h\u00e4ufig seine Besitzer, bis 1889 Ludwig Mord das Haus erwarb, weshalb es von den F\u00fcrstenwaldern &#8222;Mords Eck&#8220; genannt wird. Noch heute leben seine Nachfahren hier und f\u00fchlen sich der Tradition des Hauses ihrer Vorfahren verpflichtet. So richteten sie ein privates Museum ein, in dem der Betrachter Einblicke in die Geschichte und der Produkte des Hauses &#8222;Ludwig Mord&#8220; erh\u00e4lt.<\/p>\n<p><a href=\"http:\/\/www.xn--getrnkehaus-mord-ynb.de\/wp-content\/uploads\/2013\/08\/hofansicht-vorderhof.jpg\"><img loading=\"lazy\" decoding=\"async\" class=\" wp-image-127   alignleft\" style=\"border: 0px;\" title=\"Mords Eck: Ansicht der vorderen Innenhofes\" alt=\"Mords Eck: Ansicht der vorderen Innenhofes\" src=\"http:\/\/www.xn--getrnkehaus-mord-ynb.de\/wp-content\/uploads\/2013\/08\/hofansicht-vorderhof-400x298.jpg\" width=\"315\" height=\"235\" srcset=\"https:\/\/www.xn--getrnkehaus-mord-ynb.de\/wp-content\/uploads\/2013\/08\/hofansicht-vorderhof-400x298.jpg 400w, https:\/\/www.xn--getrnkehaus-mord-ynb.de\/wp-content\/uploads\/2013\/08\/hofansicht-vorderhof-402x300.jpg 402w, https:\/\/www.xn--getrnkehaus-mord-ynb.de\/wp-content\/uploads\/2013\/08\/hofansicht-vorderhof.jpg 1000w\" sizes=\"(max-width: 315px) 100vw, 315px\" \/><\/a><\/p>\n<p style=\"text-align: justify;\">Bemerkenswert und einzigartig ist der historische Hof mit einem h\u00f6lzernen Umgang. Die Innenh\u00f6fe der F\u00fcrstenwalder B\u00fcrgerh\u00e4user hatten in der Regel einen solchen Umgang. Die anderen noch erhaltenen mussten in den 70er und 80er Jahren des 20. Jahrhunderts den Neubauten im Stadtzentrum weichen. Der Umgang im &#8222;Mords Eck&#8220; ist der letzte seiner Art und wird f\u00fcr verschiedene Anl\u00e4sse auch heute der \u00d6ffentlichkeit zug\u00e4nglich gemacht.<\/p>\n","protected":false},"excerpt":{"rendered":"<p>Das Haus M\u00fchlenstra\u00dfe Ecke Schlo\u00dfstra\u00dfe befindet sich auf historischem Grund. Hier wurde seit dem Mittelalter Bier gebraut und ausgeschenkt. Seit 1777 bis 1936 befand sich hier eine Brauerei. Das Geb\u00e4ude stammt aus der 2. H\u00e4lfte des 18. Jahrhunderts. Es wechselte &hellip; <a href=\"https:\/\/www.xn--getrnkehaus-mord-ynb.de\/?page_id=36\">Weiterlesen <span class=\"meta-nav\">&rarr;<\/span><\/a><\/p>\n","protected":false},"author":1,"featured_media":0,"parent":0,"menu_order":0,"comment_status":"closed","ping_status":"closed","template":"sidebar-page.php","meta":{"ngg_post_thumbnail":0,"jetpack_post_was_ever_published":false,"footnotes":""},"class_list":["post-36","page","type-page","status-publish","hentry"],"jetpack_sharing_enabled":true,"jetpack_shortlink":"https:\/\/wp.me\/P3PkNf-A","_links":{"self":[{"href":"https:\/\/www.xn--getrnkehaus-mord-ynb.de\/index.php?rest_route=\/wp\/v2\/pages\/36"}],"collection":[{"href":"https:\/\/www.xn--getrnkehaus-mord-ynb.de\/index.php?rest_route=\/wp\/v2\/pages"}],"about":[{"href":"https:\/\/www.xn--getrnkehaus-mord-ynb.de\/index.php?rest_route=\/wp\/v2\/types\/page"}],"author":[{"embeddable":true,"href":"https:\/\/www.xn--getrnkehaus-mord-ynb.de\/index.php?rest_route=\/wp\/v2\/users\/1"}],"replies":[{"embeddable":true,"href":"https:\/\/www.xn--getrnkehaus-mord-ynb.de\/index.php?rest_route=%2Fwp%2Fv2%2Fcomments&post=36"}],"version-history":[{"count":7,"href":"https:\/\/www.xn--getrnkehaus-mord-ynb.de\/index.php?rest_route=\/wp\/v2\/pages\/36\/revisions"}],"predecessor-version":[{"id":153,"href":"https:\/\/www.xn--getrnkehaus-mord-ynb.de\/index.php?rest_route=\/wp\/v2\/pages\/36\/revisions\/153"}],"wp:attachment":[{"href":"https:\/\/www.xn--getrnkehaus-mord-ynb.de\/index.php?rest_route=%2Fwp%2Fv2%2Fmedia&parent=36"}],"curies":[{"name":"wp","href":"https:\/\/api.w.org\/{rel}","templated":true}]}}