{"id":38,"date":"2013-08-16T19:15:35","date_gmt":"2013-08-16T17:15:35","guid":{"rendered":"http:\/\/www.xn--getrnkehaus-mord-ynb.de\/?page_id=38"},"modified":"2013-09-18T18:02:06","modified_gmt":"2013-09-18T16:02:06","slug":"fachgeschaeft","status":"publish","type":"page","link":"https:\/\/www.xn--getrnkehaus-mord-ynb.de\/?page_id=38","title":{"rendered":"Fachgesch\u00e4ft"},"content":{"rendered":"<p style=\"text-align: justify;\">In unserem Fachgesch\u00e4ft stehen noch die originalen Ladenm\u00f6bel aus dem 19. Jahrhundert. Diese sind einmalig in unserer Region.<\/p>\n<p style=\"text-align: justify;\">\n<div class=\"ngg-galleryoverview ngg-slideshow\"\n\tid=\"ngg-slideshow-9fa86ba5f8772c9fedf537968570e0f6-9711100600\"\n\tdata-nextgen-gallery-id=\"1\"\n\tdata-gallery-id=\"9fa86ba5f8772c9fedf537968570e0f6\"\n\t\tdata-gallery-name=\"fachgeschaeft\"\n\t\tstyle=\"max-width: 600px;\n\t\t\tmax-height: 400px;\n\t\t\tdisplay: none;\">\n\n\t\n\t\t<a href=\"https:\/\/www.xn--getrnkehaus-mord-ynb.de\/wp-content\/gallery\/fachgeschaeft\/img_7697.jpg\"\n\t\t\ttitle=\"Unser Fachgesch\u00e4ft\"\n\t\t\tdata-src=\"https:\/\/www.xn--getrnkehaus-mord-ynb.de\/wp-content\/gallery\/fachgeschaeft\/img_7697.jpg\"\n\t\t\tdata-thumbnail=\"https:\/\/www.xn--getrnkehaus-mord-ynb.de\/wp-content\/gallery\/fachgeschaeft\/thumbs\/thumbs_img_7697.jpg\"\n\t\t\tdata-image-id=\"16\"\n\t\t\tdata-image-name=\"img_7697.jpg\"\n\t\t\tdata-title=\"Unser Fachgesch\u00e4ft\"\n\t\t\tdata-description=\"Unser Fachgesch\u00e4ft\"\n\t\t\t\t\t\t\t\t\t\t\t\t\t\t\tclass=\"ngg-fancybox\" rel=\"9fa86ba5f8772c9fedf537968570e0f6\">\n\t\t\t\n\t\t\t<img data-image-id='16'\n\t\t\t\ttitle=\"Unser Fachgesch\u00e4ft\"\n\t\t\t\talt=\"Unser Fachgesch\u00e4ft\"\n\t\t\t\tsrc=\"https:\/\/www.xn--getrnkehaus-mord-ynb.de\/wp-content\/gallery\/fachgeschaeft\/img_7697.jpg\"\n\t\t\t\tstyle=\"max-height: 380px;\"\/>\n\t\t<\/a>\n\n\t\t\n\t\t<a href=\"https:\/\/www.xn--getrnkehaus-mord-ynb.de\/wp-content\/gallery\/fachgeschaeft\/img_7698.jpg\"\n\t\t\ttitle=\" Unser Fachgesch\u00e4ft\"\n\t\t\tdata-src=\"https:\/\/www.xn--getrnkehaus-mord-ynb.de\/wp-content\/gallery\/fachgeschaeft\/img_7698.jpg\"\n\t\t\tdata-thumbnail=\"https:\/\/www.xn--getrnkehaus-mord-ynb.de\/wp-content\/gallery\/fachgeschaeft\/thumbs\/thumbs_img_7698.jpg\"\n\t\t\tdata-image-id=\"17\"\n\t\t\tdata-image-name=\"img_7698.jpg\"\n\t\t\tdata-title=\"Unser Fachgesch\u00e4ft\"\n\t\t\tdata-description=\" Unser Fachgesch\u00e4ft\"\n\t\t\t\t\t\t\t\t\t\t\t\t\t\t\tclass=\"ngg-fancybox\" rel=\"9fa86ba5f8772c9fedf537968570e0f6\">\n\t\t\t\n\t\t\t<img data-image-id='17'\n\t\t\t\ttitle=\" Unser Fachgesch\u00e4ft\"\n\t\t\t\talt=\"Unser Fachgesch\u00e4ft\"\n\t\t\t\tsrc=\"https:\/\/www.xn--getrnkehaus-mord-ynb.de\/wp-content\/gallery\/fachgeschaeft\/img_7698.jpg\"\n\t\t\t\tstyle=\"max-height: 380px;\"\/>\n\t\t<\/a>\n\n\t\t\n\t\t<a href=\"https:\/\/www.xn--getrnkehaus-mord-ynb.de\/wp-content\/gallery\/fachgeschaeft\/img_7699.jpg\"\n\t\t\ttitle=\" Altes Werbeplakat, Ludwig Mord, F\u00fcrstenwalde\/Spree\"\n\t\t\tdata-src=\"https:\/\/www.xn--getrnkehaus-mord-ynb.de\/wp-content\/gallery\/fachgeschaeft\/img_7699.jpg\"\n\t\t\tdata-thumbnail=\"https:\/\/www.xn--getrnkehaus-mord-ynb.de\/wp-content\/gallery\/fachgeschaeft\/thumbs\/thumbs_img_7699.jpg\"\n\t\t\tdata-image-id=\"18\"\n\t\t\tdata-image-name=\"img_7699.jpg\"\n\t\t\tdata-title=\"Altes Werbeplakat, Ludwig Mord, F\u00fcrstenwalde\/Spree\"\n\t\t\tdata-description=\" Altes Werbeplakat, Ludwig Mord, F\u00fcrstenwalde\/Spree\"\n\t\t\t\t\t\t\t\t\t\t\t\t\t\t\tclass=\"ngg-fancybox\" rel=\"9fa86ba5f8772c9fedf537968570e0f6\">\n\t\t\t\n\t\t\t<img data-image-id='18'\n\t\t\t\ttitle=\" Altes Werbeplakat, Ludwig Mord, F\u00fcrstenwalde\/Spree\"\n\t\t\t\talt=\"Altes Werbeplakat, Ludwig Mord, F\u00fcrstenwalde\/Spree\"\n\t\t\t\tsrc=\"https:\/\/www.xn--getrnkehaus-mord-ynb.de\/wp-content\/gallery\/fachgeschaeft\/img_7699.jpg\"\n\t\t\t\tstyle=\"max-height: 380px;\"\/>\n\t\t<\/a>\n\n\t\t\n\t\t<a href=\"https:\/\/www.xn--getrnkehaus-mord-ynb.de\/wp-content\/gallery\/fachgeschaeft\/img_7702.jpg\"\n\t\t\ttitle=\" Unser Fachgesch\u00e4ft\"\n\t\t\tdata-src=\"https:\/\/www.xn--getrnkehaus-mord-ynb.de\/wp-content\/gallery\/fachgeschaeft\/img_7702.jpg\"\n\t\t\tdata-thumbnail=\"https:\/\/www.xn--getrnkehaus-mord-ynb.de\/wp-content\/gallery\/fachgeschaeft\/thumbs\/thumbs_img_7702.jpg\"\n\t\t\tdata-image-id=\"19\"\n\t\t\tdata-image-name=\"img_7702.jpg\"\n\t\t\tdata-title=\"Unser Fachgesch\u00e4ft\"\n\t\t\tdata-description=\" Unser Fachgesch\u00e4ft\"\n\t\t\t\t\t\t\t\t\t\t\t\t\t\t\tclass=\"ngg-fancybox\" rel=\"9fa86ba5f8772c9fedf537968570e0f6\">\n\t\t\t\n\t\t\t<img data-image-id='19'\n\t\t\t\ttitle=\" Unser Fachgesch\u00e4ft\"\n\t\t\t\talt=\"Unser Fachgesch\u00e4ft\"\n\t\t\t\tsrc=\"https:\/\/www.xn--getrnkehaus-mord-ynb.de\/wp-content\/gallery\/fachgeschaeft\/img_7702.jpg\"\n\t\t\t\tstyle=\"max-height: 380px;\"\/>\n\t\t<\/a>\n\n\t\t\n\t\t<a href=\"https:\/\/www.xn--getrnkehaus-mord-ynb.de\/wp-content\/gallery\/fachgeschaeft\/img_7695.jpg\"\n\t\t\ttitle=\" Unser Fachgesch\u00e4ft\"\n\t\t\tdata-src=\"https:\/\/www.xn--getrnkehaus-mord-ynb.de\/wp-content\/gallery\/fachgeschaeft\/img_7695.jpg\"\n\t\t\tdata-thumbnail=\"https:\/\/www.xn--getrnkehaus-mord-ynb.de\/wp-content\/gallery\/fachgeschaeft\/thumbs\/thumbs_img_7695.jpg\"\n\t\t\tdata-image-id=\"10\"\n\t\t\tdata-image-name=\"img_7695.jpg\"\n\t\t\tdata-title=\"Unser Fachgesch\u00e4ft\"\n\t\t\tdata-description=\" Unser Fachgesch\u00e4ft\"\n\t\t\t\t\t\t\t\t\t\t\t\t\t\t\tclass=\"ngg-fancybox\" rel=\"9fa86ba5f8772c9fedf537968570e0f6\">\n\t\t\t\n\t\t\t<img data-image-id='10'\n\t\t\t\ttitle=\" Unser Fachgesch\u00e4ft\"\n\t\t\t\talt=\"Unser Fachgesch\u00e4ft\"\n\t\t\t\tsrc=\"https:\/\/www.xn--getrnkehaus-mord-ynb.de\/wp-content\/gallery\/fachgeschaeft\/img_7695.jpg\"\n\t\t\t\tstyle=\"max-height: 380px;\"\/>\n\t\t<\/a>\n\n\t\t\n\t\t<a href=\"https:\/\/www.xn--getrnkehaus-mord-ynb.de\/wp-content\/gallery\/fachgeschaeft\/img_7694.jpg\"\n\t\t\ttitle=\" Unser Fachgesch\u00e4ft\"\n\t\t\tdata-src=\"https:\/\/www.xn--getrnkehaus-mord-ynb.de\/wp-content\/gallery\/fachgeschaeft\/img_7694.jpg\"\n\t\t\tdata-thumbnail=\"https:\/\/www.xn--getrnkehaus-mord-ynb.de\/wp-content\/gallery\/fachgeschaeft\/thumbs\/thumbs_img_7694.jpg\"\n\t\t\tdata-image-id=\"9\"\n\t\t\tdata-image-name=\"img_7694.jpg\"\n\t\t\tdata-title=\"Unser Fachgesch\u00e4ft\"\n\t\t\tdata-description=\" Unser Fachgesch\u00e4ft\"\n\t\t\t\t\t\t\t\t\t\t\t\t\t\t\tclass=\"ngg-fancybox\" rel=\"9fa86ba5f8772c9fedf537968570e0f6\">\n\t\t\t\n\t\t\t<img data-image-id='9'\n\t\t\t\ttitle=\" Unser Fachgesch\u00e4ft\"\n\t\t\t\talt=\"Unser Fachgesch\u00e4ft\"\n\t\t\t\tsrc=\"https:\/\/www.xn--getrnkehaus-mord-ynb.de\/wp-content\/gallery\/fachgeschaeft\/img_7694.jpg\"\n\t\t\t\tstyle=\"max-height: 380px;\"\/>\n\t\t<\/a>\n\n\t\t\n\t\t<a href=\"https:\/\/www.xn--getrnkehaus-mord-ynb.de\/wp-content\/gallery\/fachgeschaeft\/img_7702.jpg\"\n\t\t\ttitle=\" Unser Fachgesch\u00e4ft\"\n\t\t\tdata-src=\"https:\/\/www.xn--getrnkehaus-mord-ynb.de\/wp-content\/gallery\/fachgeschaeft\/img_7702.jpg\"\n\t\t\tdata-thumbnail=\"https:\/\/www.xn--getrnkehaus-mord-ynb.de\/wp-content\/gallery\/fachgeschaeft\/thumbs\/thumbs_img_7702.jpg\"\n\t\t\tdata-image-id=\"15\"\n\t\t\tdata-image-name=\"img_7702.jpg\"\n\t\t\tdata-title=\"Unser Fachgesch\u00e4ft\"\n\t\t\tdata-description=\" Unser Fachgesch\u00e4ft\"\n\t\t\t\t\t\t\t\t\t\t\t\t\t\t\tclass=\"ngg-fancybox\" rel=\"9fa86ba5f8772c9fedf537968570e0f6\">\n\t\t\t\n\t\t\t<img data-image-id='15'\n\t\t\t\ttitle=\" Unser Fachgesch\u00e4ft\"\n\t\t\t\talt=\"Unser Fachgesch\u00e4ft\"\n\t\t\t\tsrc=\"https:\/\/www.xn--getrnkehaus-mord-ynb.de\/wp-content\/gallery\/fachgeschaeft\/img_7702.jpg\"\n\t\t\t\tstyle=\"max-height: 380px;\"\/>\n\t\t<\/a>\n\n\t\t<\/div>\n\n\n<\/p>\n<p style=\"text-align: justify;\">Wir halten ein breites Angebot f\u00fcr Sie bereit:<br \/>\nviele Sorten Bier, Limonaden, Heilwasser, und S\u00e4fte. Eine Auswahl an Spirituosen, Sekt und Wein u.a. Moselwein direkt vom Winzer.<\/p>\n<p style=\"text-align: justify;\">Besondere W\u00fcnsche werden kurzfristig realisiert. Pr\u00e4sentk\u00f6rbe werden wunschgerecht angefertigt. Kleine Pr\u00e4sente sind immer vorhanden.<\/p>\n<p style=\"text-align: justify;\">F\u00fcr Schleckerm\u00e4ulchen haben wir viele Sorten Eis, nicht zu vergessen unser gutes Softeis.<\/p>\n<p><a href=\"http:\/\/www.xn--getrnkehaus-mord-ynb.de\/wp-content\/uploads\/2013\/08\/Mord-feinster-Magenlikoer_gr.jpg\"><img loading=\"lazy\" decoding=\"async\" class=\" wp-image-97 alignleft\" style=\"border: 0px;\" title=\"Mords feinster Magenlik\u00f6r\" alt=\"Mords feinster Magenlik\u00f6r\" src=\"http:\/\/www.xn--getrnkehaus-mord-ynb.de\/wp-content\/uploads\/2013\/08\/Mord-feinster-Magenlikoer_gr-225x300.jpg\" width=\"110\" height=\"146\" srcset=\"https:\/\/www.xn--getrnkehaus-mord-ynb.de\/wp-content\/uploads\/2013\/08\/Mord-feinster-Magenlikoer_gr-225x300.jpg 225w, https:\/\/www.xn--getrnkehaus-mord-ynb.de\/wp-content\/uploads\/2013\/08\/Mord-feinster-Magenlikoer_gr.jpg 602w\" sizes=\"(max-width: 110px) 100vw, 110px\" \/><\/a>In Erweiterung f\u00fchren wir eine kleine Auswahl an Tageszeitungen, Zeitschriften und Sonntagszeitungen. T\u00e4glich erhalten Sie frische Br\u00f6tchen und Brot.<\/p>\n<p style=\"text-align: justify;\">Seit Jahren gibt es unseren &#8222;Mords feinster Magenlik\u00f6r&#8220;. Dieser wird nach alter Rezeptur hergestellt.<\/p>\n<p style=\"text-align: justify;\">Au\u00dferdem f\u00fchren wir die &#8222;<a title=\"Steinsieker Quelle\" href=\"http:\/\/www.steinsieker.de\/\" target=\"_blank\">Steinsieker Quelle<\/a>&#8220; mit viel Calcium, diese wird empfohlen bei Osteoporose-Erkrankungen.<\/p>\n<p style=\"text-align: justify;\">Schauen Sie doch einfach einmal bei uns herein, ein Blick lohnt sich immer, vielleicht entdecken Sie dabei etwas f\u00fcr einen lieben Menschen dem Sie &#8222;Danke&#8220; sagen wollen.<\/p>\n","protected":false},"excerpt":{"rendered":"<p>In unserem Fachgesch\u00e4ft stehen noch die originalen Ladenm\u00f6bel aus dem 19. Jahrhundert. Diese sind einmalig in unserer Region. Wir halten ein breites Angebot f\u00fcr Sie bereit: viele Sorten Bier, Limonaden, Heilwasser, und S\u00e4fte. Eine Auswahl an Spirituosen, Sekt und Wein &hellip; <a href=\"https:\/\/www.xn--getrnkehaus-mord-ynb.de\/?page_id=38\">Weiterlesen <span class=\"meta-nav\">&rarr;<\/span><\/a><\/p>\n","protected":false},"author":1,"featured_media":0,"parent":0,"menu_order":0,"comment_status":"closed","ping_status":"closed","template":"sidebar-page.php","meta":{"ngg_post_thumbnail":0,"jetpack_post_was_ever_published":false,"footnotes":""},"class_list":["post-38","page","type-page","status-publish","hentry"],"jetpack_sharing_enabled":true,"jetpack_shortlink":"https:\/\/wp.me\/P3PkNf-C","_links":{"self":[{"href":"https:\/\/www.xn--getrnkehaus-mord-ynb.de\/index.php?rest_route=\/wp\/v2\/pages\/38"}],"collection":[{"href":"https:\/\/www.xn--getrnkehaus-mord-ynb.de\/index.php?rest_route=\/wp\/v2\/pages"}],"about":[{"href":"https:\/\/www.xn--getrnkehaus-mord-ynb.de\/index.php?rest_route=\/wp\/v2\/types\/page"}],"author":[{"embeddable":true,"href":"https:\/\/www.xn--getrnkehaus-mord-ynb.de\/index.php?rest_route=\/wp\/v2\/users\/1"}],"replies":[{"embeddable":true,"href":"https:\/\/www.xn--getrnkehaus-mord-ynb.de\/index.php?rest_route=%2Fwp%2Fv2%2Fcomments&post=38"}],"version-history":[{"count":11,"href":"https:\/\/www.xn--getrnkehaus-mord-ynb.de\/index.php?rest_route=\/wp\/v2\/pages\/38\/revisions"}],"predecessor-version":[{"id":241,"href":"https:\/\/www.xn--getrnkehaus-mord-ynb.de\/index.php?rest_route=\/wp\/v2\/pages\/38\/revisions\/241"}],"wp:attachment":[{"href":"https:\/\/www.xn--getrnkehaus-mord-ynb.de\/index.php?rest_route=%2Fwp%2Fv2%2Fmedia&parent=38"}],"curies":[{"name":"wp","href":"https:\/\/api.w.org\/{rel}","templated":true}]}}