{"id":41,"date":"2013-08-16T19:17:15","date_gmt":"2013-08-16T17:17:15","guid":{"rendered":"http:\/\/www.xn--getrnkehaus-mord-ynb.de\/?page_id=41"},"modified":"2024-04-19T10:52:51","modified_gmt":"2024-04-19T08:52:51","slug":"lieferservice","status":"publish","type":"page","link":"https:\/\/www.xn--getrnkehaus-mord-ynb.de\/?page_id=41","title":{"rendered":"Lieferservice"},"content":{"rendered":"<p style=\"text-align: justify;\"><a href=\"http:\/\/www.xn--getrnkehaus-mord-ynb.de\/wp-content\/uploads\/2013\/08\/lieferservice_web.jpg\"><img loading=\"lazy\" decoding=\"async\" class=\" wp-image-208 alignright\" style=\"border: 0px;\" title=\"Lieferservice\" src=\"http:\/\/www.xn--getrnkehaus-mord-ynb.de\/wp-content\/uploads\/2013\/08\/lieferservice_web-400x300.jpg\" alt=\"Lieferservice\" width=\"252\" height=\"189\" srcset=\"https:\/\/www.xn--getrnkehaus-mord-ynb.de\/wp-content\/uploads\/2013\/08\/lieferservice_web-400x300.jpg 400w, https:\/\/www.xn--getrnkehaus-mord-ynb.de\/wp-content\/uploads\/2013\/08\/lieferservice_web.jpg 1000w\" sizes=\"(max-width: 252px) 100vw, 252px\" \/><\/a>Unser besonderer Dienst am Kunden ist der Lieferdienst. Jede Woche Donnerstag liefern wir ab 14.00 Uhr die Getr\u00e4nke zu Ihnen nach Hause.<br \/>\nF\u00fcr Gesch\u00e4ftskunden nach Vereinbarung.<\/p>\n<p style=\"text-align: justify;\">Bestellen k\u00f6nnen Sie telefonisch. Wir nehmen auch gerne Ihren Dauerauftrag entgegen. Somit nehmen wir Ihnen das schwere Tragen ab. Das Einkaufen wird Ihnen leicht gemacht.<\/p>\n<p>Sprechen Sie mit uns, wir beraten Sie gern \u00fcber unser vielseitiges Sortiment.<br \/>\nWir freuen uns auf Ihren Besuch, Anruf oder kontaktieren Sie uns direkt \u00fcber unser <a href=\"..\/?page_id=76\">Kontaktformular<\/a>.<\/p>\n","protected":false},"excerpt":{"rendered":"<p>Unser besonderer Dienst am Kunden ist der Lieferdienst. Jede Woche Donnerstag liefern wir ab 14.00 Uhr die Getr\u00e4nke zu Ihnen nach Hause. F\u00fcr Gesch\u00e4ftskunden nach Vereinbarung. Bestellen k\u00f6nnen Sie telefonisch. Wir nehmen auch gerne Ihren Dauerauftrag entgegen. Somit nehmen wir &hellip; <a href=\"https:\/\/www.xn--getrnkehaus-mord-ynb.de\/?page_id=41\">Weiterlesen <span class=\"meta-nav\">&rarr;<\/span><\/a><\/p>\n","protected":false},"author":1,"featured_media":0,"parent":38,"menu_order":0,"comment_status":"closed","ping_status":"closed","template":"sidebar-page.php","meta":{"ngg_post_thumbnail":0,"jetpack_post_was_ever_published":false,"footnotes":""},"class_list":["post-41","page","type-page","status-publish","hentry"],"jetpack_sharing_enabled":true,"jetpack_shortlink":"https:\/\/wp.me\/P3PkNf-F","_links":{"self":[{"href":"https:\/\/www.xn--getrnkehaus-mord-ynb.de\/index.php?rest_route=\/wp\/v2\/pages\/41"}],"collection":[{"href":"https:\/\/www.xn--getrnkehaus-mord-ynb.de\/index.php?rest_route=\/wp\/v2\/pages"}],"about":[{"href":"https:\/\/www.xn--getrnkehaus-mord-ynb.de\/index.php?rest_route=\/wp\/v2\/types\/page"}],"author":[{"embeddable":true,"href":"https:\/\/www.xn--getrnkehaus-mord-ynb.de\/index.php?rest_route=\/wp\/v2\/users\/1"}],"replies":[{"embeddable":true,"href":"https:\/\/www.xn--getrnkehaus-mord-ynb.de\/index.php?rest_route=%2Fwp%2Fv2%2Fcomments&post=41"}],"version-history":[{"count":6,"href":"https:\/\/www.xn--getrnkehaus-mord-ynb.de\/index.php?rest_route=\/wp\/v2\/pages\/41\/revisions"}],"predecessor-version":[{"id":4910,"href":"https:\/\/www.xn--getrnkehaus-mord-ynb.de\/index.php?rest_route=\/wp\/v2\/pages\/41\/revisions\/4910"}],"up":[{"embeddable":true,"href":"https:\/\/www.xn--getrnkehaus-mord-ynb.de\/index.php?rest_route=\/wp\/v2\/pages\/38"}],"wp:attachment":[{"href":"https:\/\/www.xn--getrnkehaus-mord-ynb.de\/index.php?rest_route=%2Fwp%2Fv2%2Fmedia&parent=41"}],"curies":[{"name":"wp","href":"https:\/\/api.w.org\/{rel}","templated":true}]}}