{"id":46,"date":"2013-08-16T19:20:11","date_gmt":"2013-08-16T17:20:11","guid":{"rendered":"http:\/\/www.xn--getrnkehaus-mord-ynb.de\/?page_id=46"},"modified":"2024-04-19T11:13:54","modified_gmt":"2024-04-19T09:13:54","slug":"biergarten","status":"publish","type":"page","link":"https:\/\/www.xn--getrnkehaus-mord-ynb.de\/?page_id=46","title":{"rendered":"Gastraum"},"content":{"rendered":"<p style=\"text-align: center;\">&nbsp;<span style=\"font-size: 12pt;\">Auf unseren historischen Hof des Mord\u00b4s Eck befindet sich der <\/span><\/p>\n<p style=\"text-align: center;\"><span style=\"font-size: 18pt;\"><span style=\"text-decoration: underline;\"><strong>Gastraum &#8222;Zum alten Brauhof&#8220;<\/strong><\/span><\/span><\/p>\n<p style=\"text-align: center;\"><img loading=\"lazy\" decoding=\"async\" class=\"alignnone size-medium wp-image-692\" src=\"http:\/\/www.xn--getrnkehaus-mord-ynb.de\/wp-content\/uploads\/2013\/08\/DSCN8839-e1487325910758-225x300.jpg\" alt=\"\" width=\"225\" height=\"300\" srcset=\"https:\/\/www.xn--getrnkehaus-mord-ynb.de\/wp-content\/uploads\/2013\/08\/DSCN8839-e1487325910758-225x300.jpg 225w, https:\/\/www.xn--getrnkehaus-mord-ynb.de\/wp-content\/uploads\/2013\/08\/DSCN8839-e1487325910758-768x1024.jpg 768w\" sizes=\"(max-width: 225px) 100vw, 225px\" \/><\/p>\n<p style=\"text-align: center;\"><span style=\"font-size: 12pt;\">Dieser Raum kann f\u00fcr<\/span><\/p>\n<p style=\"text-align: center;\"><img loading=\"lazy\" decoding=\"async\" class=\"alignnone wp-image-689\" src=\"http:\/\/www.xn--getrnkehaus-mord-ynb.de\/wp-content\/uploads\/2013\/08\/DSCN8830-400x300.jpg\" alt=\"\" width=\"246\" height=\"187\"\/>&nbsp;&nbsp; <img loading=\"lazy\" decoding=\"async\" class=\"alignnone  wp-image-837\" src=\"http:\/\/www.xn--getrnkehaus-mord-ynb.de\/wp-content\/uploads\/2018\/02\/Raum-126-400x300.jpg\" alt=\"\" width=\"245\" height=\"186\"\/><\/p>\n<p style=\"text-align: center;\"><span style=\"font-family: arial,helvetica,sans-serif; font-size: 12pt;\"><span style=\"text-decoration: underline;\"><strong>Familienfeiern<\/strong><\/span>, <\/span><\/p>\n<p style=\"text-align: center;\"><span style=\"font-family: arial,helvetica,sans-serif; font-size: 12pt;\">wie Geburtstage, Jugendweihe\/Konfirmation, Hochzeitstage, Hochzeit, Trauerfeier,<br \/>\n<\/span><\/p>\n<p style=\"text-align: center;\"><img loading=\"lazy\" decoding=\"async\" class=\"alignnone  wp-image-833\" src=\"http:\/\/www.xn--getrnkehaus-mord-ynb.de\/wp-content\/uploads\/2018\/02\/DSC04729-400x267.jpg\" alt=\"\" width=\"240\" height=\"164\"\/>&nbsp;&nbsp;&nbsp; <img loading=\"lazy\" decoding=\"async\" class=\"alignnone  wp-image-834\" src=\"http:\/\/www.xn--getrnkehaus-mord-ynb.de\/wp-content\/uploads\/2018\/02\/DSC04739-400x267.jpg\" alt=\"\" width=\"241\" height=\"164\"\/>&nbsp;<\/p>\n<p style=\"text-align: center;\"><span style=\"font-family: arial,helvetica,sans-serif; font-size: 12pt;\"><span style=\"text-decoration: underline;\"><strong>Firmenfeiern<\/strong><\/span>, <\/span><\/p>\n<p style=\"text-align: center;\"><span style=\"font-family: arial,helvetica,sans-serif; font-size: 12pt;\">wie Jubil\u00e4en, Besprechungen \/ Sitzungen, Weihnachtsfeier, <\/span><\/p>\n<p style=\"text-align: center;\"><img loading=\"lazy\" decoding=\"async\" class=\"alignnone wp-image-694\" src=\"http:\/\/www.xn--getrnkehaus-mord-ynb.de\/wp-content\/uploads\/2013\/08\/P1070698-400x300.jpg\" alt=\"\" width=\"240\" height=\"183\"\/>&nbsp;&nbsp; <img loading=\"lazy\" decoding=\"async\" class=\"alignnone wp-image-693\" src=\"http:\/\/www.xn--getrnkehaus-mord-ynb.de\/wp-content\/uploads\/2013\/08\/P1070693-400x300.jpg\" alt=\"\" width=\"240\" height=\"183\"\/><\/p>\n<p style=\"text-align: center;\"><strong>Klassentreffen<\/strong>&nbsp;&nbsp; &nbsp;<\/p>\n<p style=\"text-align: center;\">gebucht werden.<\/p>\n<p>&nbsp; &nbsp; <img loading=\"lazy\" decoding=\"async\" class=\"alignnone  wp-image-836\" src=\"http:\/\/www.xn--getrnkehaus-mord-ynb.de\/wp-content\/uploads\/2018\/02\/DSCN2570-400x300.jpg\" alt=\"\" width=\"241\" height=\"183\"\/>&nbsp; <img loading=\"lazy\" decoding=\"async\" class=\"alignnone  wp-image-832\" src=\"http:\/\/www.xn--getrnkehaus-mord-ynb.de\/wp-content\/uploads\/2018\/02\/CIMG0231-400x300.jpg\" alt=\"\" width=\"241\" height=\"183\"\/><\/p>\n<p style=\"text-align: center;\"><img loading=\"lazy\" decoding=\"async\" class=\"wp-image-835 aligncenter\" src=\"http:\/\/www.xn--getrnkehaus-mord-ynb.de\/wp-content\/uploads\/2018\/02\/DSCN2506-400x300.jpg\" alt=\"\" width=\"241\" height=\"184\"\/><\/p>\n<p style=\"text-align: center;\"><span style=\"font-size: 12pt;\">Wir bieten Ihnen Kaffee und Kuchen, Bufetts oder Spezialit\u00e4ten vom Grill, Getr\u00e4nke jeglicher Art und nach Ihren W\u00fcnschen.<\/span><\/p>\n<p style=\"text-align: center;\">&nbsp;<img loading=\"lazy\" decoding=\"async\" class=\"alignnone  wp-image-697\" src=\"http:\/\/www.xn--getrnkehaus-mord-ynb.de\/wp-content\/uploads\/2013\/08\/2015-57_1-400x267.jpg\" alt=\"\" width=\"241\" height=\"165\"\/>&nbsp;&nbsp; <img loading=\"lazy\" decoding=\"async\" class=\"alignnone  wp-image-838\" src=\"http:\/\/www.xn--getrnkehaus-mord-ynb.de\/wp-content\/uploads\/2018\/02\/DSC04748-400x267.jpg\" alt=\"\" width=\"240\" height=\"164\"\/><\/p>\n<p style=\"text-align: center;\"><span style=\"font-size: 12pt;\">Lassen Sie sich von uns beraten, um entspannt einen sch\u00f6nen Tag zu erleben.<\/span><\/p>\n<p style=\"text-align: center;\"><span style=\"font-size: 12pt;\"> Auf Anfrage k\u00f6nnen Sie eine F\u00fchrung durch den <a href=\"http:\/\/www.getr\u00e4nkehaus-mord.de\/?page_id=43\">Museumskeller <\/a>buchen.<\/span><\/p>\n<p style=\"text-align: center;\"><span style=\"font-size: 12pt;\">Sprechen Sie uns an.<\/span><\/p>\n","protected":false},"excerpt":{"rendered":"<p>&nbsp;Auf unseren historischen Hof des Mord\u00b4s Eck befindet sich der Gastraum &#8222;Zum alten Brauhof&#8220; Dieser Raum kann f\u00fcr &nbsp;&nbsp; Familienfeiern, wie Geburtstage, Jugendweihe\/Konfirmation, Hochzeitstage, Hochzeit, Trauerfeier, &nbsp;&nbsp;&nbsp; &nbsp; Firmenfeiern, wie Jubil\u00e4en, Besprechungen \/ Sitzungen, Weihnachtsfeier, &nbsp;&nbsp; Klassentreffen&nbsp;&nbsp; &nbsp; gebucht werden. &hellip; <a href=\"https:\/\/www.xn--getrnkehaus-mord-ynb.de\/?page_id=46\">Weiterlesen <span class=\"meta-nav\">&rarr;<\/span><\/a><\/p>\n","protected":false},"author":1,"featured_media":0,"parent":0,"menu_order":0,"comment_status":"closed","ping_status":"closed","template":"sidebar-page.php","meta":{"ngg_post_thumbnail":0,"jetpack_post_was_ever_published":false,"footnotes":""},"class_list":["post-46","page","type-page","status-publish","hentry"],"jetpack_sharing_enabled":true,"jetpack_shortlink":"https:\/\/wp.me\/P3PkNf-K","_links":{"self":[{"href":"https:\/\/www.xn--getrnkehaus-mord-ynb.de\/index.php?rest_route=\/wp\/v2\/pages\/46"}],"collection":[{"href":"https:\/\/www.xn--getrnkehaus-mord-ynb.de\/index.php?rest_route=\/wp\/v2\/pages"}],"about":[{"href":"https:\/\/www.xn--getrnkehaus-mord-ynb.de\/index.php?rest_route=\/wp\/v2\/types\/page"}],"author":[{"embeddable":true,"href":"https:\/\/www.xn--getrnkehaus-mord-ynb.de\/index.php?rest_route=\/wp\/v2\/users\/1"}],"replies":[{"embeddable":true,"href":"https:\/\/www.xn--getrnkehaus-mord-ynb.de\/index.php?rest_route=%2Fwp%2Fv2%2Fcomments&post=46"}],"version-history":[{"count":19,"href":"https:\/\/www.xn--getrnkehaus-mord-ynb.de\/index.php?rest_route=\/wp\/v2\/pages\/46\/revisions"}],"predecessor-version":[{"id":4918,"href":"https:\/\/www.xn--getrnkehaus-mord-ynb.de\/index.php?rest_route=\/wp\/v2\/pages\/46\/revisions\/4918"}],"wp:attachment":[{"href":"https:\/\/www.xn--getrnkehaus-mord-ynb.de\/index.php?rest_route=%2Fwp%2Fv2%2Fmedia&parent=46"}],"curies":[{"name":"wp","href":"https:\/\/api.w.org\/{rel}","templated":true}]}}