{"id":502,"date":"2015-11-03T18:57:33","date_gmt":"2015-11-03T17:57:33","guid":{"rendered":"http:\/\/www.xn--getrnkehaus-mord-ynb.de\/?page_id=502"},"modified":"2015-11-03T19:06:24","modified_gmt":"2015-11-03T18:06:24","slug":"25-jahre","status":"publish","type":"page","link":"https:\/\/www.xn--getrnkehaus-mord-ynb.de\/?page_id=502","title":{"rendered":"25 Jahre"},"content":{"rendered":"<p dir=\"ltr\" style=\"text-align: center;\"><a href=\"http:\/\/www.xn--getrnkehaus-mord-ynb.de\/wp-content\/uploads\/2015\/11\/DSCN0675.jpg\"><img loading=\"lazy\" decoding=\"async\" class=\"alignnone  wp-image-503\" src=\"http:\/\/www.xn--getrnkehaus-mord-ynb.de\/wp-content\/uploads\/2015\/11\/DSCN0675-400x300.jpg\" alt=\"DSCN0675\" width=\"320\" height=\"242\" \/><\/a><\/p>\n<p dir=\"ltr\" style=\"text-align: center;\"><span style=\"font-size: 12pt;\">Wir freuen uns, das 25 j\u00e4hrige Bestehen unseres Getr\u00e4nkehaus Ludwig Mord feiern zu k\u00f6nnen.<\/span><\/p>\n<p dir=\"ltr\" style=\"text-align: center;\"><span style=\"font-size: 12pt;\">Diese Zeit haben wir mit vielen H\u00f6hen und Tiefen gemeistert und sind stolz darauf.<\/span><\/p>\n<p style=\"text-align: center;\"><a href=\"http:\/\/www.xn--getrnkehaus-mord-ynb.de\/wp-content\/uploads\/2015\/11\/DSCN0685.jpg\"><img loading=\"lazy\" decoding=\"async\" class=\" wp-image-504 aligncenter\" src=\"http:\/\/www.xn--getrnkehaus-mord-ynb.de\/wp-content\/uploads\/2015\/11\/DSCN0685-400x300.jpg\" alt=\"DSCN0685\" width=\"357\" height=\"270\" \/><\/a><span style=\"font-size: 12pt;\">Dazu haben wir mit unserer treuen Kundschaft in gem\u00fctlicher Runde Kaffee getrunken.<\/span><\/p>\n<p><a href=\"http:\/\/www.xn--getrnkehaus-mord-ynb.de\/wp-content\/uploads\/2015\/11\/DSCN0687.jpg\"><img loading=\"lazy\" decoding=\"async\" class=\" wp-image-505 aligncenter\" src=\"http:\/\/www.xn--getrnkehaus-mord-ynb.de\/wp-content\/uploads\/2015\/11\/DSCN0687-400x300.jpg\" alt=\"DSCN0687\" width=\"357\" height=\"270\" \/><\/a><\/p>\n<p style=\"text-align: center;\"><span style=\"font-size: 12pt;\">Wir beide,<\/span><\/p>\n<p style=\"text-align: center;\"><span style=\"font-size: 12pt;\"><strong>Michael Bosse<\/strong> und <strong>Sigrid Bosse<\/strong> <\/span><\/p>\n<p style=\"text-align: center;\"><span style=\"font-size: 12pt;\">m\u00f6chten uns auf diesem Wege bei allen treuen Kunden, Lieferanten, Hofans\u00e4ssigen H\u00e4ndlern, Helfern auf unseren Hoffesten und ganz besonders der Familie f\u00fcr die Zusammenarbeit und Unterst\u00fctzung bedanken.<\/span><\/p>\n<p><a href=\"http:\/\/www.xn--getrnkehaus-mord-ynb.de\/wp-content\/uploads\/2015\/11\/DSCN0695.jpg\"><img loading=\"lazy\" decoding=\"async\" class=\" wp-image-506 aligncenter\" src=\"http:\/\/www.xn--getrnkehaus-mord-ynb.de\/wp-content\/uploads\/2015\/11\/DSCN0695-400x300.jpg\" alt=\"DSCN0695\" width=\"428\" height=\"324\" \/><\/a> <a href=\"http:\/\/www.xn--getrnkehaus-mord-ynb.de\/wp-content\/uploads\/2015\/11\/DSCN0697.jpg\"><img loading=\"lazy\" decoding=\"async\" class=\"wp-image-507 alignleft\" src=\"http:\/\/www.xn--getrnkehaus-mord-ynb.de\/wp-content\/uploads\/2015\/11\/DSCN0697-225x300.jpg\" alt=\"DSCN0697\" width=\"189\" height=\"248\" \/><\/a> <a href=\"http:\/\/www.xn--getrnkehaus-mord-ynb.de\/wp-content\/uploads\/2015\/11\/DSCN0698.jpg\"><img loading=\"lazy\" decoding=\"async\" class=\"wp-image-508 alignright\" src=\"http:\/\/www.xn--getrnkehaus-mord-ynb.de\/wp-content\/uploads\/2015\/11\/DSCN0698-225x300.jpg\" alt=\"DSCN0698\" width=\"189\" height=\"248\" \/><\/a>\u00a0\u00a0<\/p>\n","protected":false},"excerpt":{"rendered":"<p>Wir freuen uns, das 25 j\u00e4hrige Bestehen unseres Getr\u00e4nkehaus Ludwig Mord feiern zu k\u00f6nnen. Diese Zeit haben wir mit vielen H\u00f6hen und Tiefen gemeistert und sind stolz darauf. Dazu haben wir mit unserer treuen Kundschaft in gem\u00fctlicher Runde Kaffee getrunken. &hellip; <a href=\"https:\/\/www.xn--getrnkehaus-mord-ynb.de\/?page_id=502\">Weiterlesen <span class=\"meta-nav\">&rarr;<\/span><\/a><\/p>\n","protected":false},"author":2,"featured_media":0,"parent":0,"menu_order":0,"comment_status":"closed","ping_status":"closed","template":"","meta":{"ngg_post_thumbnail":0,"jetpack_post_was_ever_published":false,"footnotes":""},"class_list":["post-502","page","type-page","status-publish","hentry"],"jetpack_sharing_enabled":true,"jetpack_shortlink":"https:\/\/wp.me\/P3PkNf-86","_links":{"self":[{"href":"https:\/\/www.xn--getrnkehaus-mord-ynb.de\/index.php?rest_route=\/wp\/v2\/pages\/502"}],"collection":[{"href":"https:\/\/www.xn--getrnkehaus-mord-ynb.de\/index.php?rest_route=\/wp\/v2\/pages"}],"about":[{"href":"https:\/\/www.xn--getrnkehaus-mord-ynb.de\/index.php?rest_route=\/wp\/v2\/types\/page"}],"author":[{"embeddable":true,"href":"https:\/\/www.xn--getrnkehaus-mord-ynb.de\/index.php?rest_route=\/wp\/v2\/users\/2"}],"replies":[{"embeddable":true,"href":"https:\/\/www.xn--getrnkehaus-mord-ynb.de\/index.php?rest_route=%2Fwp%2Fv2%2Fcomments&post=502"}],"version-history":[{"count":8,"href":"https:\/\/www.xn--getrnkehaus-mord-ynb.de\/index.php?rest_route=\/wp\/v2\/pages\/502\/revisions"}],"predecessor-version":[{"id":522,"href":"https:\/\/www.xn--getrnkehaus-mord-ynb.de\/index.php?rest_route=\/wp\/v2\/pages\/502\/revisions\/522"}],"wp:attachment":[{"href":"https:\/\/www.xn--getrnkehaus-mord-ynb.de\/index.php?rest_route=%2Fwp%2Fv2%2Fmedia&parent=502"}],"curies":[{"name":"wp","href":"https:\/\/api.w.org\/{rel}","templated":true}]}}