{"id":9,"date":"2013-08-16T18:03:38","date_gmt":"2013-08-16T16:03:38","guid":{"rendered":"http:\/\/www.xn--getrnkehaus-mord-ynb.de\/?page_id=9"},"modified":"2013-08-29T18:21:04","modified_gmt":"2013-08-29T16:21:04","slug":"home","status":"publish","type":"page","link":"https:\/\/www.xn--getrnkehaus-mord-ynb.de\/","title":{"rendered":""},"content":{"rendered":"<h1><span style=\"color: #f6e704; font-size: x-large;\">Herzlich Willkommen<\/span><\/h1>\n<p style=\"text-align: justify;\"><a href=\"http:\/\/www.xn--getrnkehaus-mord-ynb.de\/wp-content\/uploads\/2013\/08\/mord_haus_web.jpg\"><img loading=\"lazy\" decoding=\"async\" class=\" wp-image-131 alignleft\" style=\"border: 0px;\" title=\"Getr\u00e4nkehaus Mord, M\u00fchlenstr. 17, 15517 F\u00fcrstenwalde\" alt=\"Getr\u00e4nkehaus Mord, M\u00fchlenstr. 17, 15517 F\u00fcrstenwalde\" src=\"http:\/\/www.xn--getrnkehaus-mord-ynb.de\/wp-content\/uploads\/2013\/08\/mord_haus_web-400x300.jpg\" width=\"318\" height=\"239\" srcset=\"https:\/\/www.xn--getrnkehaus-mord-ynb.de\/wp-content\/uploads\/2013\/08\/mord_haus_web-400x300.jpg 400w, https:\/\/www.xn--getrnkehaus-mord-ynb.de\/wp-content\/uploads\/2013\/08\/mord_haus_web.jpg 1000w\" sizes=\"(max-width: 318px) 100vw, 318px\" \/><\/a>beim Getr\u00e4nkehaus Mord in F\u00fcrstenwalde\/Spree, Ihrem Fachh\u00e4ndler f\u00fcr Getr\u00e4nke und Lieferservice.<\/p>\n<p style=\"text-align: justify;\">Gerne stehen wir Ihnen f\u00fcr Fragen und Informationen zur Verf\u00fcgung. Rufen Sie uns an oder nutzen Sie einfach unser\u00a0<a href=\"..\/?page_id=76\">Kontaktformular<\/a>.<\/p>\n<p>&nbsp;<\/p>\n<p>Wir freuen uns auf Ihre Anfrage!<br \/>\nIhr Team von Getr\u00e4nkehaus Mord.<\/p>\n","protected":false},"excerpt":{"rendered":"<p>Herzlich Willkommen beim Getr\u00e4nkehaus Mord in F\u00fcrstenwalde\/Spree, Ihrem Fachh\u00e4ndler f\u00fcr Getr\u00e4nke und Lieferservice. Gerne stehen wir Ihnen f\u00fcr Fragen und Informationen zur Verf\u00fcgung. Rufen Sie uns an oder nutzen Sie einfach unser\u00a0Kontaktformular. &nbsp; Wir freuen uns auf Ihre Anfrage! Ihr &hellip; <a href=\"https:\/\/www.xn--getrnkehaus-mord-ynb.de\/\">Weiterlesen <span class=\"meta-nav\">&rarr;<\/span><\/a><\/p>\n","protected":false},"author":1,"featured_media":0,"parent":0,"menu_order":0,"comment_status":"closed","ping_status":"closed","template":"sidebar-page.php","meta":{"ngg_post_thumbnail":0,"jetpack_post_was_ever_published":false,"footnotes":""},"class_list":["post-9","page","type-page","status-publish","hentry"],"jetpack_sharing_enabled":true,"jetpack_shortlink":"https:\/\/wp.me\/P3PkNf-9","_links":{"self":[{"href":"https:\/\/www.xn--getrnkehaus-mord-ynb.de\/index.php?rest_route=\/wp\/v2\/pages\/9"}],"collection":[{"href":"https:\/\/www.xn--getrnkehaus-mord-ynb.de\/index.php?rest_route=\/wp\/v2\/pages"}],"about":[{"href":"https:\/\/www.xn--getrnkehaus-mord-ynb.de\/index.php?rest_route=\/wp\/v2\/types\/page"}],"author":[{"embeddable":true,"href":"https:\/\/www.xn--getrnkehaus-mord-ynb.de\/index.php?rest_route=\/wp\/v2\/users\/1"}],"replies":[{"embeddable":true,"href":"https:\/\/www.xn--getrnkehaus-mord-ynb.de\/index.php?rest_route=%2Fwp%2Fv2%2Fcomments&post=9"}],"version-history":[{"count":18,"href":"https:\/\/www.xn--getrnkehaus-mord-ynb.de\/index.php?rest_route=\/wp\/v2\/pages\/9\/revisions"}],"predecessor-version":[{"id":5869,"href":"https:\/\/www.xn--getrnkehaus-mord-ynb.de\/index.php?rest_route=\/wp\/v2\/pages\/9\/revisions\/5869"}],"wp:attachment":[{"href":"https:\/\/www.xn--getrnkehaus-mord-ynb.de\/index.php?rest_route=%2Fwp%2Fv2%2Fmedia&parent=9"}],"curies":[{"name":"wp","href":"https:\/\/api.w.org\/{rel}","templated":true}]}}